{"id":107,"date":"2023-01-02T18:03:01","date_gmt":"2023-01-02T18:03:01","guid":{"rendered":"https:\/\/centurionlozanoabogados.com\/en\/index.php\/mas-informacion-sobre-las-cookies\/"},"modified":"2023-01-02T18:10:08","modified_gmt":"2023-01-02T18:10:08","slug":"mas-informacion-sobre-las-cookies","status":"publish","type":"page","link":"https:\/\/centurionlozanoabogados.com\/en\/index.php\/mas-informacion-sobre-las-cookies\/","title":{"rendered":"M\u00e1s informaci\u00f3n sobre las cookies"},"content":{"rendered":"<p>[et_pb_section fb_built=\u00bb1&#8243; admin_label=\u00bbsection\u00bb _builder_version=\u00bb4.16&#8243; global_colors_info=\u00bb{}\u00bb][et_pb_row admin_label=\u00bbrow\u00bb _builder_version=\u00bb4.16&#8243; background_size=\u00bbinitial\u00bb background_position=\u00bbtop_left\u00bb background_repeat=\u00bbrepeat\u00bb hover_enabled=\u00bb0&#8243; global_colors_info=\u00bb{}\u00bb sticky_enabled=\u00bb0&#8243;][et_pb_column type=\u00bb4_4&#8243; _builder_version=\u00bb4.16&#8243; custom_padding=\u00bb|||\u00bb global_colors_info=\u00bb{}\u00bb custom_padding__hover=\u00bb|||\u00bb][et_pb_text admin_label=\u00bbText\u00bb _builder_version=\u00bb4.18.0&#8243; background_size=\u00bbinitial\u00bb background_position=\u00bbtop_left\u00bb background_repeat=\u00bbrepeat\u00bb hover_enabled=\u00bb0&#8243; global_colors_info=\u00bb{}\u00bb sticky_enabled=\u00bb0&#8243;]<\/p>\n<h2><strong>What is a cookie?<\/strong><\/h2>\n<p>A cookie is a harmless text file that is stored in your browser when you visit almost any web page. The usefulness of the cookie is that the web is able to remember your visit when you return to browse that page. Although many people do not know it, cookies have been used for 20 years, when the first browsers for the World Wide Web appeared.<\/p>\n<p>&nbsp;<\/p>\n<h2><strong>What is NOT a cookie?<\/strong><\/h2>\n<p><strong><\/strong><\/p>\n<p>It is not a virus, nor a Trojan, nor a worm, nor spam, nor spyware, nor does it open pop-up windows.<\/p>\n<p>&nbsp;<\/p>\n<h2><strong>What information does a cookie store?<\/strong><\/h2>\n<p><strong><\/strong><\/p>\n<p>Cookies do not usually store sensitive information about you, such as credit card or bank details, photographs, your ID card or personal information, etc. The data they do store are technical, personal preferences, content personalization, etc.<\/p>\n<p>The web server does not associate you as a person but your web browser. In fact, if you usually browse with Internet Explorer and try to browse the same web with Firefox or Chrome you will see that the web does not realize that you are the same person because it is actually associating the browser, not the person.<\/p>\n<h2><strong>What types of cookies are there?<\/strong><\/h2>\n<p><strong><\/strong><\/p>\n<p><strong><\/strong><\/p>\n<p>Technical Cookies: These are the most basic and allow, among other things, to know when a human or an automated application is browsing, when an anonymous user is browsing and when a registered user is browsing, basic tasks for the operation of any dynamic web.<\/p>\n<p>Analysis Cookies: Collect information about the type of navigation you are doing, the sections you use most, products consulted, time of use, language, etc..<br \/>Advertising cookies: They show advertising based on your browsing, your country of origin, language, etc.<\/p>\n<p><strong>What are first-party and third-party cookies?<\/strong><\/p>\n<p>First-party cookies are those generated by the page you are visiting and third-party cookies are those generated by external services or providers such as Facebook, Twitter, Google, etc.<\/p>\n<h2><strong>What happens if I disable cookies?<\/strong><\/h2>\n<p>To help you understand the scope that can have disabling cookies we show some examples:<\/p>\n<p>You will not be able to share content from that website on Facebook, Twitter or any other social network.<\/p>\n<p>The website will not be able to adapt the contents to your personal preferences, as often happens in online stores.<\/p>\n<p>You will not be able to access the personal area of that website, such as My account, My profile or My orders.<\/p>\n<p><strong>Online stores:<\/strong> You will not be able to make online purchases, you will have to make them by phone or by visiting the physical store if you have one.<\/p>\n<p>It will not be possible to customize your geographical preferences such as time zone, currency or language.<\/p>\n<p>The website will not be able to perform web analytics on visitors and web traffic, which will make it difficult for the website to be competitive.<\/p>\n<p>You will not be able to write on the blog, upload photos, post comments, rate or rate content. The website will not be able to know if you are a human or an automated application that publishes spam.<\/p>\n<p>You will not be able to display targeted advertising, which will reduce the website&#8217;s advertising revenue.<\/p>\n<p>All social networks use cookies, if you disable them you will not be able to use any social network.<\/p>\n<h2><strong>Can I delete cookies?<\/strong><\/h2>\n<p>Yes, not only delete them, but also block them, either in general or for a specific domain.<\/p>\n<p>To delete cookies from a website you must go to your browser settings and there you can search for those associated with the domain in question and proceed to its elimination.<\/p>\n<h2>Cookie settings for the most popular browsers<\/h2>\n<p>&nbsp;<\/p>\n<p>Here is how to access a particular cookie in the Chrome browser. Note: these steps may vary depending on the browser version:<\/p>\n<p>Go to Settings or Preferences via the File menu or by clicking on the customization icon at the top right.<\/p>\n<p>You will see different sections, click on the Show advanced options option.<br \/>Go to Privacy, Content settings.<br \/>Select All cookies and site data.<br \/>You will see a list of all cookies sorted by domain. To make it easier to find cookies for a particular domain, enter part or all of the address in the Search cookies field.<br \/>After performing this filter, one or more lines with the cookies of the requested website will appear on the screen. Now you only have to select it and press the X to proceed to its elimination.<\/p>\n<p>To access the cookie settings of the Internet Explorer browser follow these steps (may vary depending on the browser version):<\/p>\n<p>Go to Tools, Internet Options<\/p>\n<p>Click on Privacy.<\/p>\n<p>Move the slider to adjust the privacy level you want.<\/p>\n<p>To access the Firefox browser&#8217;s cookie settings follow these steps (may vary depending on browser version):<\/p>\n<p>Go to Options or Preferences depending on your operating system.<\/p>\n<p>Click on Privacy.<\/p>\n<p>Under History choose Use custom settings for history.<\/p>\n<p>Now you will see the Accept cookies option, you can enable or disable it according to your preferences.<\/p>\n<p>To access the cookie settings of the Safari browser for OSX follow these steps (may vary depending on the browser version):<\/p>\n<p>Go to Preferences, then Privacy.<\/p>\n<p>Here you will see the option Block cookies for you to adjust the type of blocking you want to do.<\/p>\n<p>To access the cookie settings of the Safari browser for iOS follow these steps (may vary depending on the browser version):<\/p>\n<p>Go to Settings, then Safari.<\/p>\n<p>Go to Privacy and Security, you will see the option Block cookies for you to adjust the type of blocking you want to perform.<br \/>To access the browser cookie settings for Android devices follow these steps (may vary depending on the browser version):<\/p>\n<p>Launch the browser and press the Menu key, then Settings.<\/p>\n<p>Go to Security and Privacy, you will see the Accept cookies option for you to check or uncheck the box.<\/p>\n<p>To access the browser cookie settings for Windows Phone devices follow these steps (may vary depending on browser version):<\/p>\n<p>Open Internet Explorer, then More, then Settings.<\/p>\n<p>You can now enable or disable the Allow cookies checkbox.<\/p>\n<p>Cookie Advisor is a plugin for WordPress<\/p>\n<p>&nbsp;<\/p>\n<p>[\/et_pb_text][\/et_pb_column][\/et_pb_row][\/et_pb_section]<\/p>\n","protected":false},"excerpt":{"rendered":"<p>What is a cookie? A cookie is a harmless text file that is stored in your browser when you visit almost any web page. The usefulness of the cookie is that the web is able to remember your visit when you return to browse that page. Although many people do not know it, cookies have [&hellip;]<\/p>\n","protected":false},"author":1,"featured_media":0,"parent":0,"menu_order":0,"comment_status":"closed","ping_status":"closed","template":"","meta":{"_et_pb_use_builder":"on","_et_pb_old_content":"<h2>\u00bfQu\u00e9 es una cookie?<\/h2>\n<p>\n\tUna <em>cookie<\/em> es un fichero de texto <b>inofensivo<\/b> que se almacena en su navegador cuando visita casi cualquier p\u00e1gina web. La utilidad de la <em>cookie<\/em> es que la web sea capaz de recordar su visita cuando vuelva a navegar por esa p\u00e1gina. Aunque mucha gente no lo sabe las <em>cookies<\/em> se llevan utilizando desde hace 20 a\u00f1os, cuando aparecieron los primeros navegadores para la World Wide Web.\n<\/p> \n<h2>\u00bfQu\u00e9 NO ES una cookie?<\/h2>\n<p>\n\tNo es un virus, ni un troyano, ni un gusano, ni spam, ni spyware, ni abre ventanas pop-up.\n<\/p> \n<h2>\u00bfQu\u00e9 informaci\u00f3n almacena una <em>cookie<\/em>?<\/h2>\n<p>\n\tLas <em>cookies<\/em> no suelen almacenar informaci\u00f3n sensible sobre usted, como tarjetas de cr\u00e9dito o datos bancarios, fotograf\u00edas, su DNI o informaci\u00f3n personal, etc. Los datos que guardan son de car\u00e1cter t\u00e9cnico, preferencias personales, personalizaci\u00f3n de contenidos, etc.\n<\/p>\n<p>\n\tEl servidor web no le asocia a usted como persona si no a su navegador web. De hecho, si usted navega habitualmente con Internet Explorer y prueba a navegar por la misma web con Firefox o Chrome ver\u00e1 que la web no se da cuenta que es usted la misma persona porque en realidad est\u00e1 asociando al navegador, no a la persona.\n<\/p>\n<h2>\u00bfQu\u00e9 tipo de <em>cookies<\/em> existen?<\/h2>\n<p>\n\t<ul>\n\t\t<li><em>Cookies<\/em> t\u00e9cnicas: Son las m\u00e1s elementales y permiten, entre otras cosas, saber cu\u00e1ndo est\u00e1 navegando un humano o una aplicaci\u00f3n automatizada, cu\u00e1ndo navega un usuario an\u00f3nimo y uno registrado, tareas  b\u00e1sicas para el funcionamiento de cualquier web din\u00e1mica.<\/li>\n\t\t<li><em>Cookies<\/em> de an\u00e1lisis: Recogen informaci\u00f3n sobre el tipo de navegaci\u00f3n que est\u00e1 realizando, las secciones que m\u00e1s utiliza, productos consultados, franja horaria de uso, idioma, etc.<\/li>\n\t\t<li><em>Cookies<\/em> publicitarias: Muestran publicidad en funci\u00f3n de su navegaci\u00f3n, su pa\u00eds de procedencia, idioma, etc.<\/li>\n\t<\/ul> \n<\/p>\n<h2>\u00bfQu\u00e9 son las <em>cookies<\/em> propias y las de terceros?<\/h2>\n<p>\n\tLas <em>cookies propias<\/em> son las generadas por la p\u00e1gina que est\u00e1 visitando y las <em>de terceros<\/em> son las generadas por servicios o proveedores externos como Facebook, Twitter, Google, etc.\n<\/p> \n<h2>\u00bfQu\u00e9 ocurre si desactivo las <em>cookies<\/em>?<\/h2>\n<p>\n\tPara que entienda el alcance que puede tener desactivar las <em>cookies<\/em> le mostramos unos ejemplos:\n\t<ul>\n\t\t<li>No podr\u00e1 compartir contenidos de esa web en Facebook, Twitter o cualquier otra red social.<\/li>\n\t\t<li>El sitio web no podr\u00e1 adaptar los contenidos a sus preferencias personales, como suele ocurrir en las tiendas online.<\/li>\n\t\t<li>No podr\u00e1 acceder al \u00e1rea personal de esa web, como por ejemplo <em>Mi cuenta<\/em>, o <em>Mi perfil<\/em> o <em>Mis pedidos<\/em>.<\/li>\n\t\t<li>Tiendas online: Le ser\u00e1 imposible realizar compras online, tendr\u00e1n que ser telef\u00f3nicas o visitando la tienda f\u00edsica si es que dispone de ella.<\/li>\n\t\t<li>No ser\u00e1 posible personalizar sus preferencias geogr\u00e1ficas como franja horaria, divisa o idioma.<\/li>\n\t\t<li>El sitio web no podr\u00e1 realizar anal\u00edticas web sobre visitantes y tr\u00e1fico en la web, lo que dificultar\u00e1 que la web sea competitiva.<\/li>\n\t\t<li>No podr\u00e1 escribir en el blog, no podr\u00e1 subir fotos, publicar comentarios, valorar o puntuar contenidos. La web tampoco podr\u00e1 saber si usted es un humano o una aplicaci\u00f3n automatizada que publica <em>spam<\/em>.<\/li>\n\t\t<li>No se podr\u00e1 mostrar publicidad sectorizada, lo que reducir\u00e1 los ingresos publicitarios de la web.<\/li>\n\t\t<li>Todas las redes sociales usan <em>cookies<\/em>, si las desactiva no podr\u00e1 utilizar ninguna red social.<\/li>\n\t<\/ul>\n<\/p>\n<h2>\u00bfSe pueden eliminar las <em>cookies<\/em>?<\/h2>\n<p>\n\tS\u00ed. No s\u00f3lo eliminar, tambi\u00e9n bloquear, de forma general o particular para un dominio espec\u00edfico.\n<\/p>\n<p>\n\tPara eliminar las <em>cookies<\/em> de un sitio web debe ir a la configuraci\u00f3n de su navegador y all\u00ed podr\u00e1 buscar las asociadas al dominio en cuesti\u00f3n y proceder a su eliminaci\u00f3n.\n<\/p>\n<h2 id=\"navegadores\">Configuraci\u00f3n de <em>cookies<\/em> para los navegadores m\u00e1s polulares<\/h2>\n<p>\n\tA continuaci\u00f3n le indicamos c\u00f3mo acceder a una <em>cookie<\/em> determinada del navegador <b>Chrome<\/b>. Nota: estos pasos pueden variar en funci\u00f3n de la versi\u00f3n del navegador:\n\t<ol>\n\t\t<li>Vaya a Configuraci\u00f3n o Preferencias mediante el men\u00fa Archivo o bien pinchando el icono de personalizaci\u00f3n que aparece arriba a la derecha.<\/li>\n\t\t<li>Ver\u00e1 diferentes secciones, pinche la opci\u00f3n <em>Mostrar opciones avanzadas<\/em>.<\/li>\n\t\t<li>Vaya a <em>Privacidad<\/em>, <em>Configuraci\u00f3n de contenido<\/em>.<\/li>\n\t\t<li>Seleccione <em>Todas las <em>cookies<\/em> y los datos de sitios<\/em>.<\/li>\n\t\t<li>Aparecer\u00e1 un listado con todas las <em>cookies<\/em> ordenadas por dominio. Para que le sea m\u00e1s f\u00e1cil encontrar las <em>cookies<\/em> de un determinado dominio introduzca parcial o totalmente la direcci\u00f3n en el campo <em>Buscar cookies<\/em>.<\/li>\n\t\t<li>Tras realizar este filtro aparecer\u00e1n en pantalla una o varias l\u00edneas con las <em>cookies<\/em> de la web solicitada. Ahora s\u00f3lo tiene que seleccionarla y pulsar la <em>X<\/em> para proceder a su eliminaci\u00f3n.<\/li>\n\t<\/ol>\n<\/p>\n<p>\n\tPara acceder a la configuraci\u00f3n de <em>cookies<\/em> del navegador <b>Internet Explorer<\/b> siga estos pasos (pueden variar en funci\u00f3n de la versi\u00f3n del navegador):\n\t<ol>\n\t\t<li>Vaya a <em>Herramientas<\/em>, <em>Opciones de Internet<\/em><\/li>\n\t\t<li>Haga click en <em>Privacidad<\/em>.<\/li>\n\t\t<li>Mueva el deslizador hasta ajustar el nivel de privacidad que desee.<\/li>\n\t<\/ol>\n<\/p>\n<p>\n\tPara acceder a la configuraci\u00f3n de <em>cookies<\/em> del navegador <b>Firefox<\/b> siga estos pasos (pueden variar en funci\u00f3n de la versi\u00f3n del navegador):\n\t<ol>\n\t\t<li>Vaya a <em>Opciones<\/em> o <em>Preferencias<\/em> seg\u00fan su sistema operativo.<\/li>\n\t\t<li>Haga click en <em>Privacidad<\/em>.<\/li>\n\t\t<li>En <em>Historial<\/em> elija <em>Usar una configuraci\u00f3n personalizada para el historial<\/em>.<\/li>\n\t\t<li>Ahora ver\u00e1 la opci\u00f3n <em>Aceptar cookies<\/em>, puede activarla o desactivarla seg\u00fan sus preferencias.<\/li>\n\t<\/ol>\n<\/p>\n<p>\n\tPara acceder a la configuraci\u00f3n de <em>cookies<\/em> del navegador <b>Safari para OSX<\/b> siga estos pasos (pueden variar en funci\u00f3n de la versi\u00f3n del navegador):\n\t<ol>\n\t\t<li>Vaya a <em>Preferencias<\/em>, luego <em>Privacidad<\/em>.<\/li>\n\t\t<li>En este lugar ver\u00e1 la opci\u00f3n <em>Bloquear cookies<\/em> para que ajuste el tipo de bloqueo que desea realizar.<\/li>\n\t<\/ol>\n<\/p>\n<p>\n\tPara acceder a la configuraci\u00f3n de <em>cookies<\/em> del navegador <b>Safari para iOS<\/b> siga estos pasos (pueden variar en funci\u00f3n de la versi\u00f3n del navegador):\n\t<ol>\n\t\t<li>Vaya a <em>Ajustes<\/em>, luego <em>Safari<\/em>.<\/li>\n\t\t<li>Vaya a <em>Privacidad y Seguridad<\/em>, ver\u00e1 la opci\u00f3n <em>Bloquear cookies<\/em> para que ajuste el tipo de bloqueo que desea realizar.<\/li>\n\t<\/ol>\n<\/p>\n<p>\n\tPara acceder a la configuraci\u00f3n de <em>cookies<\/em> del navegador para dispositivos <b>Android<\/b> siga estos pasos (pueden variar en funci\u00f3n de la versi\u00f3n del navegador):\n\t<ol>\n\t\t<li>Ejecute el navegador y pulse la tecla <em>Men\u00fa<\/em>, luego <em>Ajustes<\/em>.<\/li>\n\t\t<li>Vaya a <em>Seguridad y Privacidad<\/em>, ver\u00e1 la opci\u00f3n <em>Aceptar cookies<\/em> para que active o desactive la casilla.<\/li>\n\t<\/ol>\n<\/p>\n<p>\n\tPara acceder a la configuraci\u00f3n de <em>cookies<\/em> del navegador para dispositivos <b>Windows Phone<\/b> siga estos pasos (pueden variar en funci\u00f3n de la versi\u00f3n del navegador):\n\t<ol>\n\t\t<li>Abra <em>Internet Explorer<\/em>, luego <em>M\u00e1s<\/em>, luego <em>Configuraci\u00f3n<\/em><\/li>\n\t\t<li>Ahora puede activar o desactivar la casilla <em>Permitir cookies<\/em>.<\/li>\n\t<\/ol>\n<\/p>\n<p>\n\tAsesor de Cookies es un <a href=\"http:\/\/wordpress.org\/plugins\/asesor-cookies-para-la-ley-en-espana\/\" target=\"_blank\" rel=\"noopener\">plugin para WordPress<\/a>\n<\/p>\n","_et_gb_content_width":"","om_disable_all_campaigns":false,"_mi_skip_tracking":false},"aioseo_notices":[],"_links":{"self":[{"href":"https:\/\/centurionlozanoabogados.com\/en\/index.php\/wp-json\/wp\/v2\/pages\/107"}],"collection":[{"href":"https:\/\/centurionlozanoabogados.com\/en\/index.php\/wp-json\/wp\/v2\/pages"}],"about":[{"href":"https:\/\/centurionlozanoabogados.com\/en\/index.php\/wp-json\/wp\/v2\/types\/page"}],"author":[{"embeddable":true,"href":"https:\/\/centurionlozanoabogados.com\/en\/index.php\/wp-json\/wp\/v2\/users\/1"}],"replies":[{"embeddable":true,"href":"https:\/\/centurionlozanoabogados.com\/en\/index.php\/wp-json\/wp\/v2\/comments?post=107"}],"version-history":[{"count":2,"href":"https:\/\/centurionlozanoabogados.com\/en\/index.php\/wp-json\/wp\/v2\/pages\/107\/revisions"}],"predecessor-version":[{"id":111,"href":"https:\/\/centurionlozanoabogados.com\/en\/index.php\/wp-json\/wp\/v2\/pages\/107\/revisions\/111"}],"wp:attachment":[{"href":"https:\/\/centurionlozanoabogados.com\/en\/index.php\/wp-json\/wp\/v2\/media?parent=107"}],"curies":[{"name":"wp","href":"https:\/\/api.w.org\/{rel}","templated":true}]}}